{"id":12,"date":"2012-06-26T10:46:18","date_gmt":"2012-06-26T10:46:18","guid":{"rendered":"http:\/\/scherzer-kalau.de\/wordpress\/?page_id=12"},"modified":"2025-09-01T14:01:33","modified_gmt":"2025-09-01T12:01:33","slug":"kontaktformular","status":"publish","type":"page","link":"https:\/\/scherzer-kalau.de\/?page_id=12","title":{"rendered":"Kontaktformular"},"content":{"rendered":"\n<div style=\"height:100px\" aria-hidden=\"true\" class=\"wp-block-spacer\"><\/div>\n\n\n\n<p class=\"has-large-font-size\">Stellenangebot<\/p>\n\n\n\n<p>Wir suchen Verst\u00e4rkung in der Bauleitung f\u00fcr unser B\u00fcro in Erlangen. Dabei sind wir auf der Suche nach Architekten, (m\/w\/d) Bauingenieuren (m\/w\/d) oder Bautechnikern (m\/w\/d). Schwerpunkt der T\u00e4tigkeit sind die Leistungsphasen 6 &#8211; 8.<\/p>\n\n\n\n<p>Unser  Projektquerschnitt ist weitreichend und umfasst Wohnungsbau, B\u00fcro- und Verwaltungsbauten bis hin zu anspruchsvollen Sonderbauten. Ein Schwerpunkt ist der Neu- und Umbau von Studierendenwohnungen f\u00fcr \u00f6ffentliche Tr\u00e4ger und private Auftraggeber. Momentan sind wir 8 Mittarbeiter.<\/p>\n\n\n\n<p>Was du erwarten kannst:<\/p>\n\n\n\n<ul class=\"wp-block-list\">\n<li>einen sicherer Arbeitsplatz mit geregelten Arbeitszeiten<\/li>\n\n\n\n<li>eine leistungs- und qualifikationsgerechte Entlohnung<\/li>\n\n\n\n<li>ein aufgeschlossenes Team und angenehme Arbeitsatmosph\u00e4re<\/li>\n\n\n\n<li>einen regen fachlichen Austausch<\/li>\n\n\n\n<li>die Chance, Projekte vom Entwurf bis zur Fertigstellung zu bearbeiten und zu begleiten<\/li>\n\n\n\n<li>fachliche Weiterbildung<\/li>\n<\/ul>\n\n\n\n<p>Was wir erwarten:<\/p>\n\n\n\n<ul class=\"wp-block-list\">\n<li>Du hast ein abgeschlossenes Studium des Fachbereichs Architektur, Bauingenieurwesen oder einen Abschluss als Bautechniker\/in<\/li>\n\n\n\n<li>Du bist den Umgang mit CAD- und Ausschreibungsprogrammen sowie Office-Software gewohnt<\/li>\n\n\n\n<li>Du verf\u00fcgst \u00fcber eine strukturierte Arbeitsweise und bist offensiv in der Kommunikation mit Beh\u00f6rden und Fachplanern<\/li>\n\n\n\n<li>Dir ist Kollegialit\u00e4t und Freude bei der Arbeit wichtig<\/li>\n\n\n\n<li>Du beteiligst Dich aktiv an der Ausf\u00fchrungsplanung und entwickelst eigenst\u00e4ndig Detailvorschl\u00e4ge.<\/li>\n\n\n\n<li>Du verf\u00fcgst \u00fcber Erfahrungen im Erstellen von Leistungsverzeichnissen und Abwicklung von Baustellen bzw. Bauvorhaben. Mehrj\u00e4hrige Berufserfahrung in diesem Bereich ist Voraussetzung.<\/li>\n\n\n\n<li>Du bist verhandlungssicher in der deutschen Sprache.<\/li>\n\n\n\n<li>Du hast den F\u00fchrerschein Klasse B.<\/li>\n<\/ul>\n\n\n\n<p>Wir freuen uns auf Deine Bewerbung \u00fcber E-mail an <a href=\"mailto:s.scherzer@scherzer-kalau.de\">s.scherzer@scherzer-kalau.de<\/a> <\/p>\n\n\n\n<p>oder an das Postfach scherzer \u2022 kalau \u2022 architekten partnerschaft mbb, Bismarckstra\u00dfe 7, 91054 Erlangen.<\/p>\n\n\n\n<p><\/p>\n\n\n\n<div style=\"height:100px\" aria-hidden=\"true\" class=\"wp-block-spacer\"><\/div>\n\n\n\n<h2 class=\"wp-block-heading has-body-font-family\">kontakt<\/h2>\n\n\n\n<p class=\"has-large-font-size\"><\/p>\n\n\n\n<div class=\"wp-block-group has-global-padding is-content-justification-left is-layout-constrained wp-container-core-group-is-layout-12dd3699 wp-block-group-is-layout-constrained\">\n<p>scherzer.kalau.architekten<\/p>\n\n\n\n<p>Bismarckstra\u00dfe 7,  3.OG<\/p>\n\n\n\n<p>91054 Erlangen<\/p>\n\n\n\n<p>Bayern, Deutschland<\/p>\n\n\n\n<p><a href=\"mailto:architekten@scherzer-kalau.de\">architekten@scherzer-kalau.de<\/a><\/p>\n\n\n\n<p>09131 24039<\/p>\n<\/div>\n\n\n\n<div style=\"height:100px\" aria-hidden=\"true\" class=\"wp-block-spacer\"><\/div>\n\n\n\n<div class=\"wp-block-contact-form-7-contact-form-selector\">\n<div class=\"wpcf7 no-js\" id=\"wpcf7-f211-o1\" lang=\"de-DE\" dir=\"ltr\">\n<div class=\"screen-reader-response\"><p role=\"status\" aria-live=\"polite\" aria-atomic=\"true\"><\/p> <ul><\/ul><\/div>\n<form action=\"\/index.php?rest_route=%2Fwp%2Fv2%2Fpages%2F12#wpcf7-f211-o1\" method=\"post\" class=\"wpcf7-form init\" aria-label=\"Kontaktformular\" novalidate=\"novalidate\" data-status=\"init\">\n<div style=\"display: none;\">\n<input type=\"hidden\" name=\"_wpcf7\" value=\"211\" \/>\n<input type=\"hidden\" name=\"_wpcf7_version\" value=\"5.9.6\" \/>\n<input type=\"hidden\" name=\"_wpcf7_locale\" value=\"de_DE\" \/>\n<input type=\"hidden\" name=\"_wpcf7_unit_tag\" value=\"wpcf7-f211-o1\" \/>\n<input type=\"hidden\" name=\"_wpcf7_container_post\" value=\"0\" \/>\n<input type=\"hidden\" name=\"_wpcf7_posted_data_hash\" value=\"\" \/>\n<\/div>\n<p><label> Ihr Name (Pflichtfeld)<br \/>\n<span class=\"wpcf7-form-control-wrap\" data-name=\"your-name\"><input size=\"40\" maxlength=\"80\" class=\"wpcf7-form-control wpcf7-text wpcf7-validates-as-required\" aria-required=\"true\" aria-invalid=\"false\" value=\"\" type=\"text\" name=\"your-name\" \/><\/span> <\/label>\n<\/p>\n<p><label> Ihre E-Mail-Adresse (Pflichtfeld)<br \/>\n<span class=\"wpcf7-form-control-wrap\" data-name=\"your-email\"><input size=\"40\" maxlength=\"80\" class=\"wpcf7-form-control wpcf7-email wpcf7-validates-as-required wpcf7-text wpcf7-validates-as-email\" aria-required=\"true\" aria-invalid=\"false\" value=\"\" type=\"email\" name=\"your-email\" \/><\/span> <\/label>\n<\/p>\n<p><label> Betreff<br \/>\n<span class=\"wpcf7-form-control-wrap\" data-name=\"your-subject\"><input size=\"40\" maxlength=\"80\" class=\"wpcf7-form-control wpcf7-text\" aria-invalid=\"false\" value=\"\" type=\"text\" name=\"your-subject\" \/><\/span> <\/label>\n<\/p>\n<p><label> Nachricht<br \/>\n<span class=\"wpcf7-form-control-wrap\" data-name=\"your-message\"><textarea cols=\"40\" rows=\"10\" maxlength=\"400\" class=\"wpcf7-form-control wpcf7-textarea\" aria-invalid=\"false\" name=\"your-message\"><\/textarea><\/span> <\/label>\n<\/p>\n<p><span class=\"wpcf7-form-control-wrap\" data-name=\"acceptance-369\"><span class=\"wpcf7-form-control wpcf7-acceptance\"><span class=\"wpcf7-list-item\"><label><input type=\"checkbox\" name=\"acceptance-369\" value=\"1\" aria-invalid=\"false\" \/><span class=\"wpcf7-list-item-label\">Ich bin damit einverstanden das meine Daten zur Bearbeitung dieser Anfrage gespeichert werden.<\/span><\/label><\/span><\/span><\/span>\n<\/p>\n<p><input class=\"wpcf7-form-control wpcf7-submit has-spinner\" type=\"submit\" value=\"Senden\" \/>\n<\/p><div class=\"wpcf7-response-output\" aria-hidden=\"true\"><\/div>\n<\/form>\n<\/div>\n<\/div>\n\n\n\n<div style=\"height:100px\" aria-hidden=\"true\" class=\"wp-block-spacer\"><\/div>\n\n\n\n<div class=\"wp-block-group has-global-padding is-layout-constrained wp-block-group-is-layout-constrained\">\t\t<div id=\"wpmapblock_b54a0f88\" data-settings='{&quot;map_marker&quot;:[{&quot;id&quot;:&quot;0&quot;,&quot;lat&quot;:&quot;49.598917844045&quot;,&quot;lng&quot;:&quot;11.015676856041&quot;,&quot;title&quot;:&quot;&quot;,&quot;content&quot;:&quot;scherzer.kalau.architekten\\n&quot;,&quot;iconType&quot;:&quot;default&quot;,&quot;customIconUrl&quot;:&quot;&quot;,&quot;customIconWidth&quot;:&quot;25&quot;,&quot;customIconHeight&quot;:&quot;40&quot;}],&quot;map_zoom&quot;:&quot;14&quot;,&quot;scroll_wheel_zoom&quot;:false,&quot;map_type&quot;:&quot;GM&quot;,&quot;center_index&quot;:0}' class=\"wpmapblockrender\" style=\"\n\t\t\twidth: 100%;\n\t\t\theight: 500px;\n\t\t\"><\/div>\n        <\/div>\n\n\n\n<div style=\"height:100px\" aria-hidden=\"true\" class=\"wp-block-spacer\"><\/div>\n","protected":false},"excerpt":{"rendered":"<p>Stellenangebot Wir suchen Verst\u00e4rkung in der Bauleitung f\u00fcr unser B\u00fcro in Erlangen. Dabei sind wir auf der Suche nach Architekten, (m\/w\/d) Bauingenieuren (m\/w\/d) oder Bautechnikern (m\/w\/d). Schwerpunkt der T\u00e4tigkeit sind die Leistungsphasen 6 &#8211; 8. Unser Projektquerschnitt ist weitreichend und umfasst Wohnungsbau, B\u00fcro- und Verwaltungsbauten bis hin zu anspruchsvollen Sonderbauten. Ein Schwerpunkt ist der Neu- [&hellip;]<\/p>\n","protected":false},"author":1,"featured_media":0,"parent":0,"menu_order":0,"comment_status":"open","ping_status":"open","template":"sitepage.php","meta":{"ngg_post_thumbnail":0,"footnotes":""},"class_list":["post-12","page","type-page","status-publish","hentry"],"_links":{"self":[{"href":"https:\/\/scherzer-kalau.de\/index.php?rest_route=\/wp\/v2\/pages\/12","targetHints":{"allow":["GET"]}}],"collection":[{"href":"https:\/\/scherzer-kalau.de\/index.php?rest_route=\/wp\/v2\/pages"}],"about":[{"href":"https:\/\/scherzer-kalau.de\/index.php?rest_route=\/wp\/v2\/types\/page"}],"author":[{"embeddable":true,"href":"https:\/\/scherzer-kalau.de\/index.php?rest_route=\/wp\/v2\/users\/1"}],"replies":[{"embeddable":true,"href":"https:\/\/scherzer-kalau.de\/index.php?rest_route=%2Fwp%2Fv2%2Fcomments&post=12"}],"version-history":[{"count":21,"href":"https:\/\/scherzer-kalau.de\/index.php?rest_route=\/wp\/v2\/pages\/12\/revisions"}],"predecessor-version":[{"id":636,"href":"https:\/\/scherzer-kalau.de\/index.php?rest_route=\/wp\/v2\/pages\/12\/revisions\/636"}],"wp:attachment":[{"href":"https:\/\/scherzer-kalau.de\/index.php?rest_route=%2Fwp%2Fv2%2Fmedia&parent=12"}],"curies":[{"name":"wp","href":"https:\/\/api.w.org\/{rel}","templated":true}]}}